{"id":8502,"date":"2013-05-31T11:57:37","date_gmt":"2013-05-31T07:27:37","guid":{"rendered":"https:\/\/arsinrayehe.com\/%d8%af%d8%b1%d8%a8%d8%a7%d8%b1%d9%87-%d9%85%d8%a7\/"},"modified":"2022-06-21T12:21:15","modified_gmt":"2022-06-21T07:51:15","slug":"biz","status":"publish","type":"page","link":"https:\/\/arsinrayehe.com\/tr\/biz\/","title":{"rendered":"biz"},"content":{"rendered":"<section class=\"l-section wpb_row height_medium\"><div class=\"l-section-h i-cf\"><div class=\"g-cols vc_row via_flex valign_top type_default stacking_default\"><div class=\"vc_col-sm-6 wpb_column vc_column_container\"><div class=\"vc_column-inner\"><div class=\"wpb_wrapper\"><div class=\"wpb_text_column\"><div class=\"wpb_wrapper\"><h2><span style=\"color: #1c7b99;\"><strong><span style=\"font-size: 24pt;\">Arsin rayeheden i\u00e7in<\/span><\/strong><\/span><\/h2>\n<p><span style=\"font-size: 12pt;\">Arsin rayehe 2007 \u00e7al\u0131\u015fma\u011fa ba\u015flay\u0131p be bir ka\u00e7 seneden sonra Ars\u0131n Rayehe Nov\u0131n Yas ad\u0131n\u0131 resmi kaydetti ve \u00e7al\u0131\u015fmaya devam ediyor<\/span><\/p>\n<p><span style=\"font-size: 12pt;\">Bu firma kendisinin sat\u0131\u015f sab\u0131kas\u0131 i\u00e7in,Asya ve Avrupa dan ithalata ba\u015flay\u0131p<\/span><\/p>\n<p><span style=\"font-size: 12pt;\">Keza profesyonel \u00e7al\u0131\u015fan lar\u0131m\u0131z ile ,en yak\u0131n organize koku leri se\u00e7mi\u015f<\/span><\/p>\n<p><span style=\"font-size: 12pt;\">M\u00fc\u015fterimizin ileti\u015fim ile ve \u00fcretim \u00fcr\u00fcn\u00fc piyasas\u0131n at\u0131\u015ft\u0131rma ile<\/span><\/p>\n<\/div><\/div><\/div><\/div><\/div><div class=\"vc_col-sm-6 wpb_column vc_column_container\"><div class=\"vc_column-inner\"><div class=\"wpb_wrapper\"><div class=\"w-image us_custom_9cf479d2 style_shadow-2 align_center\"><div class=\"w-image-h\"><div class=\"w-image-shadow\" style=\"background-image:url(https:\/\/arsinrayehe.com\/wp-content\/uploads\/2022\/05\/front-view-rectangle-perfume-bottle-colored-flowers-light-scaled.jpg);\"><\/div><img decoding=\"async\" width=\"2560\" height=\"1708\" src=\"https:\/\/arsinrayehe.com\/wp-content\/uploads\/2022\/05\/front-view-rectangle-perfume-bottle-colored-flowers-light-scaled.jpg\" class=\"attachment-full size-full\" alt=\"\" loading=\"lazy\" srcset=\"https:\/\/arsinrayehe.com\/wp-content\/uploads\/2022\/05\/front-view-rectangle-perfume-bottle-colored-flowers-light-scaled.jpg 2560w, https:\/\/arsinrayehe.com\/wp-content\/uploads\/2022\/05\/front-view-rectangle-perfume-bottle-colored-flowers-light-300x200.jpg 300w, https:\/\/arsinrayehe.com\/wp-content\/uploads\/2022\/05\/front-view-rectangle-perfume-bottle-colored-flowers-light-1024x683.jpg 1024w\" sizes=\"(max-width: 2560px) 100vw, 2560px\" \/><\/div><\/div><\/div><\/div><\/div><\/div><\/div><\/section>\n","protected":false},"excerpt":{"rendered":"Arsin rayeheden i\u00e7in Arsin rayehe 2007 \u00e7al\u0131\u015fma\u011fa ba\u015flay\u0131p be bir ka\u00e7 seneden sonra Ars\u0131n Rayehe Nov\u0131n Yas ad\u0131n\u0131 resmi kaydetti ve \u00e7al\u0131\u015fmaya devam ediyor Bu firma kendisinin sat\u0131\u015f sab\u0131kas\u0131 i\u00e7in,Asya ve Avrupa dan ithalata ba\u015flay\u0131p Keza profesyonel \u00e7al\u0131\u015fan lar\u0131m\u0131z ile ,en yak\u0131n organize koku leri se\u00e7mi\u015f M\u00fc\u015fterimizin ileti\u015fim ile ve \u00fcretim \u00fcr\u00fcn\u00fc piyasas\u0131n at\u0131\u015ft\u0131rma ile","protected":false},"author":2,"featured_media":0,"parent":0,"menu_order":0,"comment_status":"closed","ping_status":"closed","template":"","meta":{"footnotes":""},"class_list":["post-8502","page","type-page","status-publish","hentry"],"yoast_head":"<!-- This site is optimized with the Yoast SEO Premium plugin v23.3 (Yoast SEO v23.3) - https:\/\/yoast.com\/wordpress\/plugins\/seo\/ -->\n<title>biz | \u0622\u0631\u0633\u06cc\u0646 \u0631\u0627\u06cc\u062d\u0647<\/title>\n<meta name=\"robots\" content=\"index, follow, max-snippet:-1, max-image-preview:large, max-video-preview:-1\" \/>\n<link rel=\"canonical\" href=\"https:\/\/arsinrayehe.com\/tr\/biz\/\" \/>\n<meta property=\"og:locale\" content=\"tr_TR\" \/>\n<meta property=\"og:type\" content=\"article\" \/>\n<meta property=\"og:title\" content=\"biz\" \/>\n<meta property=\"og:url\" content=\"https:\/\/arsinrayehe.com\/tr\/biz\/\" \/>\n<meta property=\"og:site_name\" content=\"\u0622\u0631\u0633\u06cc\u0646 \u0631\u0627\u06cc\u062d\u0647\" \/>\n<meta property=\"article:modified_time\" content=\"2022-06-21T07:51:15+00:00\" \/>\n<meta name=\"twitter:card\" content=\"summary_large_image\" \/>\n<meta name=\"twitter:label1\" content=\"Tahmini okuma s\u00fcresi\" \/>\n\t<meta name=\"twitter:data1\" content=\"4 dakika\" \/>\n<script type=\"application\/ld+json\" class=\"yoast-schema-graph\">{\"@context\":\"https:\/\/schema.org\",\"@graph\":[{\"@type\":\"WebPage\",\"@id\":\"https:\/\/arsinrayehe.com\/tr\/biz\/\",\"url\":\"https:\/\/arsinrayehe.com\/tr\/biz\/\",\"name\":\"biz | \u0622\u0631\u0633\u06cc\u0646 \u0631\u0627\u06cc\u062d\u0647\",\"isPartOf\":{\"@id\":\"https:\/\/arsinrayehe.com\/#website\"},\"datePublished\":\"2013-05-31T07:27:37+00:00\",\"dateModified\":\"2022-06-21T07:51:15+00:00\",\"breadcrumb\":{\"@id\":\"https:\/\/arsinrayehe.com\/tr\/biz\/#breadcrumb\"},\"inLanguage\":\"tr\",\"potentialAction\":[{\"@type\":\"ReadAction\",\"target\":[\"https:\/\/arsinrayehe.com\/tr\/biz\/\"]}]},{\"@type\":\"BreadcrumbList\",\"@id\":\"https:\/\/arsinrayehe.com\/tr\/biz\/#breadcrumb\",\"itemListElement\":[{\"@type\":\"ListItem\",\"position\":1,\"name\":\"Home\",\"item\":\"https:\/\/arsinrayehe.com\/tr\/\"},{\"@type\":\"ListItem\",\"position\":2,\"name\":\"biz\"}]},{\"@type\":\"WebSite\",\"@id\":\"https:\/\/arsinrayehe.com\/#website\",\"url\":\"https:\/\/arsinrayehe.com\/\",\"name\":\"\u0622\u0631\u0633\u06cc\u0646 \u0631\u0627\u06cc\u062d\u0647\",\"description\":\"\u0641\u0631\u0648\u0634\u0646\u062f\u0647 \u0627\u0633\u0627\u0646\u0633 \u0647\u0627\u06cc \u0648\u0627\u0631\u062f\u0627\u062a\u06cc \u0627\u0632 \u06a9\u0634\u0648\u0631\u0647\u0627\u06cc \u0622\u0633\u06cc\u0627\u06cc\u06cc \u0648 \u0627\u0631\u0648\u067e\u0627\u06cc\u06cc\",\"publisher\":{\"@id\":\"https:\/\/arsinrayehe.com\/#organization\"},\"potentialAction\":[{\"@type\":\"SearchAction\",\"target\":{\"@type\":\"EntryPoint\",\"urlTemplate\":\"https:\/\/arsinrayehe.com\/?s={search_term_string}\"},\"query-input\":\"required name=search_term_string\"}],\"inLanguage\":\"tr\"},{\"@type\":\"Organization\",\"@id\":\"https:\/\/arsinrayehe.com\/#organization\",\"name\":\"\u0622\u0631\u0633\u06cc\u0646 \u0631\u0627\u06cc\u062d\u0647 \u0646\u0648\u06cc\u0646 \u06cc\u0627\u0633\",\"url\":\"https:\/\/arsinrayehe.com\/\",\"logo\":{\"@type\":\"ImageObject\",\"inLanguage\":\"tr\",\"@id\":\"https:\/\/arsinrayehe.com\/#\/schema\/logo\/image\/\",\"url\":\"https:\/\/arsinrayehe.com\/wp-content\/uploads\/2022\/06\/\u0644\u0648\u06af\u0648\u0622\u0631\u0633\u06cc\u0646-\u0631\u0627\u06cc\u062d\u0647.png\",\"contentUrl\":\"https:\/\/arsinrayehe.com\/wp-content\/uploads\/2022\/06\/\u0644\u0648\u06af\u0648\u0622\u0631\u0633\u06cc\u0646-\u0631\u0627\u06cc\u062d\u0647.png\",\"width\":200,\"height\":120,\"caption\":\"\u0622\u0631\u0633\u06cc\u0646 \u0631\u0627\u06cc\u062d\u0647 \u0646\u0648\u06cc\u0646 \u06cc\u0627\u0633\"},\"image\":{\"@id\":\"https:\/\/arsinrayehe.com\/#\/schema\/logo\/image\/\"},\"sameAs\":[\"https:\/\/www.instagram.com\/arsinrayehe\",\"https:\/\/wa.me\/989102385752\"]}]}<\/script>\n<!-- \/ Yoast SEO Premium plugin. -->","yoast_head_json":{"title":"biz | \u0622\u0631\u0633\u06cc\u0646 \u0631\u0627\u06cc\u062d\u0647","robots":{"index":"index","follow":"follow","max-snippet":"max-snippet:-1","max-image-preview":"max-image-preview:large","max-video-preview":"max-video-preview:-1"},"canonical":"https:\/\/arsinrayehe.com\/tr\/biz\/","og_locale":"tr_TR","og_type":"article","og_title":"biz","og_url":"https:\/\/arsinrayehe.com\/tr\/biz\/","og_site_name":"\u0622\u0631\u0633\u06cc\u0646 \u0631\u0627\u06cc\u062d\u0647","article_modified_time":"2022-06-21T07:51:15+00:00","twitter_card":"summary_large_image","twitter_misc":{"Tahmini okuma s\u00fcresi":"4 dakika"},"schema":{"@context":"https:\/\/schema.org","@graph":[{"@type":"WebPage","@id":"https:\/\/arsinrayehe.com\/tr\/biz\/","url":"https:\/\/arsinrayehe.com\/tr\/biz\/","name":"biz | \u0622\u0631\u0633\u06cc\u0646 \u0631\u0627\u06cc\u062d\u0647","isPartOf":{"@id":"https:\/\/arsinrayehe.com\/#website"},"datePublished":"2013-05-31T07:27:37+00:00","dateModified":"2022-06-21T07:51:15+00:00","breadcrumb":{"@id":"https:\/\/arsinrayehe.com\/tr\/biz\/#breadcrumb"},"inLanguage":"tr","potentialAction":[{"@type":"ReadAction","target":["https:\/\/arsinrayehe.com\/tr\/biz\/"]}]},{"@type":"BreadcrumbList","@id":"https:\/\/arsinrayehe.com\/tr\/biz\/#breadcrumb","itemListElement":[{"@type":"ListItem","position":1,"name":"Home","item":"https:\/\/arsinrayehe.com\/tr\/"},{"@type":"ListItem","position":2,"name":"biz"}]},{"@type":"WebSite","@id":"https:\/\/arsinrayehe.com\/#website","url":"https:\/\/arsinrayehe.com\/","name":"\u0622\u0631\u0633\u06cc\u0646 \u0631\u0627\u06cc\u062d\u0647","description":"\u0641\u0631\u0648\u0634\u0646\u062f\u0647 \u0627\u0633\u0627\u0646\u0633 \u0647\u0627\u06cc \u0648\u0627\u0631\u062f\u0627\u062a\u06cc \u0627\u0632 \u06a9\u0634\u0648\u0631\u0647\u0627\u06cc \u0622\u0633\u06cc\u0627\u06cc\u06cc \u0648 \u0627\u0631\u0648\u067e\u0627\u06cc\u06cc","publisher":{"@id":"https:\/\/arsinrayehe.com\/#organization"},"potentialAction":[{"@type":"SearchAction","target":{"@type":"EntryPoint","urlTemplate":"https:\/\/arsinrayehe.com\/?s={search_term_string}"},"query-input":"required name=search_term_string"}],"inLanguage":"tr"},{"@type":"Organization","@id":"https:\/\/arsinrayehe.com\/#organization","name":"\u0622\u0631\u0633\u06cc\u0646 \u0631\u0627\u06cc\u062d\u0647 \u0646\u0648\u06cc\u0646 \u06cc\u0627\u0633","url":"https:\/\/arsinrayehe.com\/","logo":{"@type":"ImageObject","inLanguage":"tr","@id":"https:\/\/arsinrayehe.com\/#\/schema\/logo\/image\/","url":"https:\/\/arsinrayehe.com\/wp-content\/uploads\/2022\/06\/\u0644\u0648\u06af\u0648\u0622\u0631\u0633\u06cc\u0646-\u0631\u0627\u06cc\u062d\u0647.png","contentUrl":"https:\/\/arsinrayehe.com\/wp-content\/uploads\/2022\/06\/\u0644\u0648\u06af\u0648\u0622\u0631\u0633\u06cc\u0646-\u0631\u0627\u06cc\u062d\u0647.png","width":200,"height":120,"caption":"\u0622\u0631\u0633\u06cc\u0646 \u0631\u0627\u06cc\u062d\u0647 \u0646\u0648\u06cc\u0646 \u06cc\u0627\u0633"},"image":{"@id":"https:\/\/arsinrayehe.com\/#\/schema\/logo\/image\/"},"sameAs":["https:\/\/www.instagram.com\/arsinrayehe","https:\/\/wa.me\/989102385752"]}]}},"_links":{"self":[{"href":"https:\/\/arsinrayehe.com\/tr\/wp-json\/wp\/v2\/pages\/8502"}],"collection":[{"href":"https:\/\/arsinrayehe.com\/tr\/wp-json\/wp\/v2\/pages"}],"about":[{"href":"https:\/\/arsinrayehe.com\/tr\/wp-json\/wp\/v2\/types\/page"}],"author":[{"embeddable":true,"href":"https:\/\/arsinrayehe.com\/tr\/wp-json\/wp\/v2\/users\/2"}],"replies":[{"embeddable":true,"href":"https:\/\/arsinrayehe.com\/tr\/wp-json\/wp\/v2\/comments?post=8502"}],"version-history":[{"count":21,"href":"https:\/\/arsinrayehe.com\/tr\/wp-json\/wp\/v2\/pages\/8502\/revisions"}],"predecessor-version":[{"id":8609,"href":"https:\/\/arsinrayehe.com\/tr\/wp-json\/wp\/v2\/pages\/8502\/revisions\/8609"}],"wp:attachment":[{"href":"https:\/\/arsinrayehe.com\/tr\/wp-json\/wp\/v2\/media?parent=8502"}],"curies":[{"name":"wp","href":"https:\/\/api.w.org\/{rel}","templated":true}]}}