{"id":8596,"date":"2013-05-31T11:56:39","date_gmt":"2013-05-31T07:26:39","guid":{"rendered":"https:\/\/arsinrayehe.com\/bize-ulasin\/"},"modified":"2024-07-25T14:42:13","modified_gmt":"2024-07-25T11:12:13","slug":"bize-ulasin","status":"publish","type":"page","link":"https:\/\/arsinrayehe.com\/tr\/bize-ulasin\/","title":{"rendered":"Bize Ula\u015f\u0131n"},"content":{"rendered":"<section class=\"l-section wpb_row height_medium\"><div class=\"l-section-h i-cf\"><div class=\"g-cols vc_row via_flex valign_top type_default stacking_default\" style=\"--additional-gap:10px;\"><div class=\"vc_col-sm-4 wpb_column vc_column_container\"><div class=\"vc_column-inner\"><div class=\"wpb_wrapper\"><div class=\"wpb_text_column\"><div class=\"wpb_wrapper\"><h3>Sosyal a\u011flar<\/h3>\n<\/div><\/div><div class=\"w-separator size_small\"><\/div><div class=\"w-socials us_custom_85d6d49b color_brand shape_rounded style_solid hover_fade\" style=\"--gap:0.1em;\"><div class=\"w-socials-list\"><div class=\"w-socials-item instagram\"><a target=\"_blank\" rel=\"nofollow\" href=\"https:\/\/www.instagram.com\/arsinrayehe\" class=\"w-socials-item-link\" title=\"Instagram\" aria-label=\"Instagram\"><span class=\"w-socials-item-link-hover\"><\/span><i class=\"fab fa-instagram\"><\/i><\/a><div class=\"w-socials-item-popup\"><span>Instagram<\/span><\/div><\/div><div class=\"w-socials-item whatsapp\"><a target=\"_blank\" rel=\"nofollow\" href=\"https:\/\/wa.me\/989102385752\" class=\"w-socials-item-link\" title=\"WhatsApp\" aria-label=\"WhatsApp\"><span class=\"w-socials-item-link-hover\"><\/span><i class=\"fab fa-whatsapp\"><\/i><\/a><div class=\"w-socials-item-popup\"><span>WhatsApp<\/span><\/div><\/div><\/div><\/div><div class=\"w-separator size_medium\"><\/div><div class=\"wpb_text_column\"><div class=\"wpb_wrapper\"><h3>Ki\u015filer<\/h3>\n<\/div><\/div><div class=\"w-separator size_small\"><\/div><div class=\"w-iconbox iconpos_left style_circle color_primary align_left no_text\"><a href=\"tel:982188726540\" class=\"w-iconbox-link\" aria-label=\"9821 88 726 540\"><div class=\"w-iconbox-icon\" style=\"font-size:22px;\"><i class=\"far fa-phone\"><\/i><\/div><\/a><div class=\"w-iconbox-meta\"><a href=\"tel:982188726540\" class=\"w-iconbox-link\" aria-label=\"9821 88 726 540\"><div class=\"w-iconbox-title\" style=\"font-size:16px;\">9821 88 726 540<\/div><\/a><\/div><\/div><div class=\"w-separator size_small\"><\/div><div class=\"w-iconbox iconpos_left style_circle color_primary align_left no_text\"><a href=\"tel:989102385752\" class=\"w-iconbox-link\" aria-label=\"+98910 238 5752\"><div class=\"w-iconbox-icon\" style=\"font-size:22px;\"><i class=\"far fa-mobile\"><\/i><\/div><\/a><div class=\"w-iconbox-meta\"><a href=\"tel:989102385752\" class=\"w-iconbox-link\" aria-label=\"+98910 238 5752\"><div class=\"w-iconbox-title\" style=\"font-size:16px;\">+98910 238 5752<\/div><\/a><\/div><\/div><div class=\"w-separator size_small\"><\/div><div class=\"w-iconbox iconpos_left style_circle color_primary align_left no_text\"><a href=\"mailto:Info@arsinrayehe.com\" class=\"w-iconbox-link\" aria-label=\"Info@arsinrayehe.com\"><div class=\"w-iconbox-icon\" style=\"font-size:22px;\"><i class=\"far fa-envelope\"><\/i><\/div><\/a><div class=\"w-iconbox-meta\"><a href=\"mailto:Info@arsinrayehe.com\" class=\"w-iconbox-link\" aria-label=\"Info@arsinrayehe.com\"><div class=\"w-iconbox-title\" style=\"font-size:16px;\">Info@arsinrayehe.com<\/div><\/a><\/div><\/div><div class=\"w-separator size_small\"><\/div><div class=\"w-iconbox iconpos_left style_circle color_primary align_left no_text\"><div class=\"w-iconbox-icon\" style=\"font-size:22px;\"><i class=\"far fa-map-marker-alt\"><\/i><\/div><div class=\"w-iconbox-meta\"><div class=\"w-iconbox-title\" style=\"font-size:16px;\">No 20, Street Ebadi, Valiasr ,Tehran, Iran<\/div><\/div><\/div><\/div><\/div><\/div><div class=\"vc_col-sm-8 wpb_column vc_column_container\"><div class=\"vc_column-inner\"><div class=\"wpb_wrapper\"><div class=\"wpb_text_column\"><div class=\"wpb_wrapper\"><h3>Bizimle ileti\u015fimde oluz<\/h3>\n<\/div><\/div><div class=\"w-separator size_small\"><\/div><form class=\"w-form  layout_ver for_cform us_form_1\" autocomplete=\"off\" action=\"https:\/\/arsinrayehe.com\/tr\/wp-json\/wp\/v2\/pages\/8596\" method=\"post\"><div class=\"w-form-h\"><div class=\"w-form-row for_text has_label\">\r\n\t\t\t<div class=\"w-form-row-label\">\r\n\t\t\t<span>Sizin ad\u0131n\u0131z<\/span>\r\n\t\t<\/div>\r\n\t\t<div class=\"w-form-row-field\">\r\n\t\t\t\t\t\t<input aria-label=\"Sizin ad\u0131n\u0131z\" type=\"text\" name=\"us_form_1_text_1\" value placeholder=\"Sizi tan\u0131mak i\u00e7in\"\/>\r\n\t\t\t<\/div>\r\n\t\t<div class=\"w-form-row-state\">Fill out this field<\/div>\r\n<\/div>\r\n<div class=\"w-form-row for_email has_label required\">\r\n\t\t\t<div class=\"w-form-row-label\">\r\n\t\t\t<span>E-mail *<\/span>\r\n\t\t<\/div>\r\n\t\t<div class=\"w-form-row-field\">\r\n\t\t\t\t\t\t<input aria-label=\"E-mail\" type=\"email\" name=\"us_form_1_email_1\" value placeholder=\"Size cevap g\u00f6nderece\u011fiz\" data-required=\"true\" aria-required=\"true\"\/>\r\n\t\t\t<\/div>\r\n\t\t<div class=\"w-form-row-state\">L\u00fctfen ge\u00e7erli bir e-posta adresi yaz\u0131n.<\/div>\r\n<\/div>\r\n<div class=\"w-form-row for_textarea has_label required\">\r\n\t\t\t<div class=\"w-form-row-label\">\r\n\t\t\t<span>Mesaj *<\/span>\r\n\t\t<\/div>\r\n\t\t<div class=\"w-form-row-field\">\r\n\t\t\t\t\t\t<textarea aria-label=\"Mesaj\" name=\"us_form_1_textarea_1\" placeholder=\"Bir \u015fey yaz\u0131n\u0131z\" data-required=\"true\" aria-required=\"true\"><\/textarea>\r\n\t\t\t<\/div>\r\n\t\t<div class=\"w-form-row-state\">Fill out this field<\/div>\r\n<\/div>\r\n<input type=\"hidden\" name=\"action\" value=\"us_ajax_cform\" \/>\r\n<input type=\"hidden\" name=\"post_id\" value=\"0\" \/>\r\n<input type=\"hidden\" name=\"form_index\" value=\"1\" \/>\r\n<div class=\"w-form-row for_submit align_right\">\r\n\t<button class=\"w-btn  us-btn-style_1\" aria-label=\"Mesaj g\u00f6ndermek\" type=\"submit\">\r\n\t\t<span class=\"g-preloader type_1\"><\/span>\r\n\t\t\t\t<span class=\"w-btn-label\">Mesaj g\u00f6ndermek<\/span>\r\n\t\t\t<\/button>\r\n\t<\/div>\r\n<\/div><div class=\"w-form-message\"><\/div><div class=\"w-form-json hidden\" onclick='return {&quot;ajaxurl&quot;:&quot;https:\\\/\\\/arsinrayehe.com\\\/wp-admin\\\/admin-ajax.php&quot;,&quot;messages&quot;:{&quot;err_empty&quot;:&quot;Fill out this field&quot;,&quot;err_size&quot;:&quot;File size cannot exceed %s MB&quot;,&quot;err_extension&quot;:&quot;%s file type is not allowed&quot;}}'><\/div><\/form><\/div><\/div><\/div><\/div><\/div><\/section>\n","protected":false},"excerpt":{"rendered":"Sosyal a\u011flar InstagramWhatsAppKi\u015filer 9821 88 726 540+98910 238 5752Info@arsinrayehe.comNo 20, Street Ebadi, Valiasr ,Tehran, IranBizimle ileti\u015fimde oluz Sizin ad\u0131n\u0131z Fill out this field E-mail * L\u00fctfen ge\u00e7erli bir e-posta adresi yaz\u0131n. Mesaj * Fill out this field Mesaj g\u00f6ndermek","protected":false},"author":2,"featured_media":0,"parent":0,"menu_order":0,"comment_status":"closed","ping_status":"closed","template":"","meta":{"footnotes":""},"class_list":["post-8596","page","type-page","status-publish","hentry"],"yoast_head":"<!-- This site is optimized with the Yoast SEO Premium plugin v23.3 (Yoast SEO v23.3) - https:\/\/yoast.com\/wordpress\/plugins\/seo\/ -->\n<title>Bize Ula\u015f\u0131n | \u0622\u0631\u0633\u06cc\u0646 \u0631\u0627\u06cc\u062d\u0647<\/title>\n<meta name=\"robots\" content=\"index, follow, max-snippet:-1, max-image-preview:large, max-video-preview:-1\" \/>\n<link rel=\"canonical\" href=\"https:\/\/arsinrayehe.com\/tr\/bize-ulasin\/\" \/>\n<meta property=\"og:locale\" content=\"tr_TR\" \/>\n<meta property=\"og:type\" content=\"article\" \/>\n<meta property=\"og:title\" content=\"Bize Ula\u015f\u0131n\" \/>\n<meta property=\"og:url\" content=\"https:\/\/arsinrayehe.com\/tr\/bize-ulasin\/\" \/>\n<meta property=\"og:site_name\" content=\"\u0622\u0631\u0633\u06cc\u0646 \u0631\u0627\u06cc\u062d\u0647\" \/>\n<meta property=\"article:modified_time\" content=\"2024-07-25T11:12:13+00:00\" \/>\n<meta name=\"twitter:card\" content=\"summary_large_image\" \/>\n<meta name=\"twitter:label1\" content=\"Tahmini okuma s\u00fcresi\" \/>\n\t<meta name=\"twitter:data1\" content=\"1 dakika\" \/>\n<script type=\"application\/ld+json\" class=\"yoast-schema-graph\">{\"@context\":\"https:\/\/schema.org\",\"@graph\":[{\"@type\":\"WebPage\",\"@id\":\"https:\/\/arsinrayehe.com\/tr\/bize-ulasin\/\",\"url\":\"https:\/\/arsinrayehe.com\/tr\/bize-ulasin\/\",\"name\":\"Bize Ula\u015f\u0131n | \u0622\u0631\u0633\u06cc\u0646 \u0631\u0627\u06cc\u062d\u0647\",\"isPartOf\":{\"@id\":\"https:\/\/arsinrayehe.com\/#website\"},\"datePublished\":\"2013-05-31T07:26:39+00:00\",\"dateModified\":\"2024-07-25T11:12:13+00:00\",\"breadcrumb\":{\"@id\":\"https:\/\/arsinrayehe.com\/tr\/bize-ulasin\/#breadcrumb\"},\"inLanguage\":\"tr\",\"potentialAction\":[{\"@type\":\"ReadAction\",\"target\":[\"https:\/\/arsinrayehe.com\/tr\/bize-ulasin\/\"]}]},{\"@type\":\"BreadcrumbList\",\"@id\":\"https:\/\/arsinrayehe.com\/tr\/bize-ulasin\/#breadcrumb\",\"itemListElement\":[{\"@type\":\"ListItem\",\"position\":1,\"name\":\"Home\",\"item\":\"https:\/\/arsinrayehe.com\/tr\/\"},{\"@type\":\"ListItem\",\"position\":2,\"name\":\"Bize Ula\u015f\u0131n\"}]},{\"@type\":\"WebSite\",\"@id\":\"https:\/\/arsinrayehe.com\/#website\",\"url\":\"https:\/\/arsinrayehe.com\/\",\"name\":\"\u0622\u0631\u0633\u06cc\u0646 \u0631\u0627\u06cc\u062d\u0647\",\"description\":\"\u0641\u0631\u0648\u0634\u0646\u062f\u0647 \u0627\u0633\u0627\u0646\u0633 \u0647\u0627\u06cc \u0648\u0627\u0631\u062f\u0627\u062a\u06cc \u0627\u0632 \u06a9\u0634\u0648\u0631\u0647\u0627\u06cc \u0622\u0633\u06cc\u0627\u06cc\u06cc \u0648 \u0627\u0631\u0648\u067e\u0627\u06cc\u06cc\",\"publisher\":{\"@id\":\"https:\/\/arsinrayehe.com\/#organization\"},\"potentialAction\":[{\"@type\":\"SearchAction\",\"target\":{\"@type\":\"EntryPoint\",\"urlTemplate\":\"https:\/\/arsinrayehe.com\/?s={search_term_string}\"},\"query-input\":\"required name=search_term_string\"}],\"inLanguage\":\"tr\"},{\"@type\":\"Organization\",\"@id\":\"https:\/\/arsinrayehe.com\/#organization\",\"name\":\"\u0622\u0631\u0633\u06cc\u0646 \u0631\u0627\u06cc\u062d\u0647 \u0646\u0648\u06cc\u0646 \u06cc\u0627\u0633\",\"url\":\"https:\/\/arsinrayehe.com\/\",\"logo\":{\"@type\":\"ImageObject\",\"inLanguage\":\"tr\",\"@id\":\"https:\/\/arsinrayehe.com\/#\/schema\/logo\/image\/\",\"url\":\"https:\/\/arsinrayehe.com\/wp-content\/uploads\/2022\/06\/\u0644\u0648\u06af\u0648\u0622\u0631\u0633\u06cc\u0646-\u0631\u0627\u06cc\u062d\u0647.png\",\"contentUrl\":\"https:\/\/arsinrayehe.com\/wp-content\/uploads\/2022\/06\/\u0644\u0648\u06af\u0648\u0622\u0631\u0633\u06cc\u0646-\u0631\u0627\u06cc\u062d\u0647.png\",\"width\":200,\"height\":120,\"caption\":\"\u0622\u0631\u0633\u06cc\u0646 \u0631\u0627\u06cc\u062d\u0647 \u0646\u0648\u06cc\u0646 \u06cc\u0627\u0633\"},\"image\":{\"@id\":\"https:\/\/arsinrayehe.com\/#\/schema\/logo\/image\/\"},\"sameAs\":[\"https:\/\/www.instagram.com\/arsinrayehe\",\"https:\/\/wa.me\/989102385752\"]}]}<\/script>\n<!-- \/ Yoast SEO Premium plugin. -->","yoast_head_json":{"title":"Bize Ula\u015f\u0131n | \u0622\u0631\u0633\u06cc\u0646 \u0631\u0627\u06cc\u062d\u0647","robots":{"index":"index","follow":"follow","max-snippet":"max-snippet:-1","max-image-preview":"max-image-preview:large","max-video-preview":"max-video-preview:-1"},"canonical":"https:\/\/arsinrayehe.com\/tr\/bize-ulasin\/","og_locale":"tr_TR","og_type":"article","og_title":"Bize Ula\u015f\u0131n","og_url":"https:\/\/arsinrayehe.com\/tr\/bize-ulasin\/","og_site_name":"\u0622\u0631\u0633\u06cc\u0646 \u0631\u0627\u06cc\u062d\u0647","article_modified_time":"2024-07-25T11:12:13+00:00","twitter_card":"summary_large_image","twitter_misc":{"Tahmini okuma s\u00fcresi":"1 dakika"},"schema":{"@context":"https:\/\/schema.org","@graph":[{"@type":"WebPage","@id":"https:\/\/arsinrayehe.com\/tr\/bize-ulasin\/","url":"https:\/\/arsinrayehe.com\/tr\/bize-ulasin\/","name":"Bize Ula\u015f\u0131n | \u0622\u0631\u0633\u06cc\u0646 \u0631\u0627\u06cc\u062d\u0647","isPartOf":{"@id":"https:\/\/arsinrayehe.com\/#website"},"datePublished":"2013-05-31T07:26:39+00:00","dateModified":"2024-07-25T11:12:13+00:00","breadcrumb":{"@id":"https:\/\/arsinrayehe.com\/tr\/bize-ulasin\/#breadcrumb"},"inLanguage":"tr","potentialAction":[{"@type":"ReadAction","target":["https:\/\/arsinrayehe.com\/tr\/bize-ulasin\/"]}]},{"@type":"BreadcrumbList","@id":"https:\/\/arsinrayehe.com\/tr\/bize-ulasin\/#breadcrumb","itemListElement":[{"@type":"ListItem","position":1,"name":"Home","item":"https:\/\/arsinrayehe.com\/tr\/"},{"@type":"ListItem","position":2,"name":"Bize Ula\u015f\u0131n"}]},{"@type":"WebSite","@id":"https:\/\/arsinrayehe.com\/#website","url":"https:\/\/arsinrayehe.com\/","name":"\u0622\u0631\u0633\u06cc\u0646 \u0631\u0627\u06cc\u062d\u0647","description":"\u0641\u0631\u0648\u0634\u0646\u062f\u0647 \u0627\u0633\u0627\u0646\u0633 \u0647\u0627\u06cc \u0648\u0627\u0631\u062f\u0627\u062a\u06cc \u0627\u0632 \u06a9\u0634\u0648\u0631\u0647\u0627\u06cc \u0622\u0633\u06cc\u0627\u06cc\u06cc \u0648 \u0627\u0631\u0648\u067e\u0627\u06cc\u06cc","publisher":{"@id":"https:\/\/arsinrayehe.com\/#organization"},"potentialAction":[{"@type":"SearchAction","target":{"@type":"EntryPoint","urlTemplate":"https:\/\/arsinrayehe.com\/?s={search_term_string}"},"query-input":"required name=search_term_string"}],"inLanguage":"tr"},{"@type":"Organization","@id":"https:\/\/arsinrayehe.com\/#organization","name":"\u0622\u0631\u0633\u06cc\u0646 \u0631\u0627\u06cc\u062d\u0647 \u0646\u0648\u06cc\u0646 \u06cc\u0627\u0633","url":"https:\/\/arsinrayehe.com\/","logo":{"@type":"ImageObject","inLanguage":"tr","@id":"https:\/\/arsinrayehe.com\/#\/schema\/logo\/image\/","url":"https:\/\/arsinrayehe.com\/wp-content\/uploads\/2022\/06\/\u0644\u0648\u06af\u0648\u0622\u0631\u0633\u06cc\u0646-\u0631\u0627\u06cc\u062d\u0647.png","contentUrl":"https:\/\/arsinrayehe.com\/wp-content\/uploads\/2022\/06\/\u0644\u0648\u06af\u0648\u0622\u0631\u0633\u06cc\u0646-\u0631\u0627\u06cc\u062d\u0647.png","width":200,"height":120,"caption":"\u0622\u0631\u0633\u06cc\u0646 \u0631\u0627\u06cc\u062d\u0647 \u0646\u0648\u06cc\u0646 \u06cc\u0627\u0633"},"image":{"@id":"https:\/\/arsinrayehe.com\/#\/schema\/logo\/image\/"},"sameAs":["https:\/\/www.instagram.com\/arsinrayehe","https:\/\/wa.me\/989102385752"]}]}},"_links":{"self":[{"href":"https:\/\/arsinrayehe.com\/tr\/wp-json\/wp\/v2\/pages\/8596"}],"collection":[{"href":"https:\/\/arsinrayehe.com\/tr\/wp-json\/wp\/v2\/pages"}],"about":[{"href":"https:\/\/arsinrayehe.com\/tr\/wp-json\/wp\/v2\/types\/page"}],"author":[{"embeddable":true,"href":"https:\/\/arsinrayehe.com\/tr\/wp-json\/wp\/v2\/users\/2"}],"replies":[{"embeddable":true,"href":"https:\/\/arsinrayehe.com\/tr\/wp-json\/wp\/v2\/comments?post=8596"}],"version-history":[{"count":19,"href":"https:\/\/arsinrayehe.com\/tr\/wp-json\/wp\/v2\/pages\/8596\/revisions"}],"predecessor-version":[{"id":10944,"href":"https:\/\/arsinrayehe.com\/tr\/wp-json\/wp\/v2\/pages\/8596\/revisions\/10944"}],"wp:attachment":[{"href":"https:\/\/arsinrayehe.com\/tr\/wp-json\/wp\/v2\/media?parent=8596"}],"curies":[{"name":"wp","href":"https:\/\/api.w.org\/{rel}","templated":true}]}}